{"id":105,"date":"2020-11-27T16:00:44","date_gmt":"2020-11-27T16:00:44","guid":{"rendered":"http:\/\/neueseite.sophisticated-knowledge.com\/?page_id=105"},"modified":"2025-04-21T16:12:48","modified_gmt":"2025-04-21T16:12:48","slug":"kooperationen-und-partner","status":"publish","type":"page","link":"https:\/\/sophisticated-knowledge.com\/?page_id=105","title":{"rendered":"Partner, Projekte &#038; Kunden"},"content":{"rendered":"\n<hr class=\"wp-block-separator has-alpha-channel-opacity\"\/>\n\n\n\n<div class=\"wp-block-media-text is-stacked-on-mobile\" style=\"grid-template-columns:53% auto\"><figure class=\"wp-block-media-text__media\"><img loading=\"lazy\" decoding=\"async\" width=\"589\" height=\"489\" src=\"https:\/\/sophisticated-knowledge.com\/wp-content\/uploads\/2025\/04\/LionsDoves.png\" alt=\"\" class=\"wp-image-765 size-full\" srcset=\"https:\/\/sophisticated-knowledge.com\/wp-content\/uploads\/2025\/04\/LionsDoves.png 589w, https:\/\/sophisticated-knowledge.com\/wp-content\/uploads\/2025\/04\/LionsDoves-300x249.png 300w, https:\/\/sophisticated-knowledge.com\/wp-content\/uploads\/2025\/04\/LionsDoves-508x422.png 508w\" sizes=\"auto, (max-width: 589px) 100vw, 589px\" \/><\/figure><div class=\"wp-block-media-text__content\">\n<p>LIONS &amp; DOVES aus Mei\u00dfen ist ein privates Institut f\u00fcr spezielle Methodik im Neuromarketing und erg\u00e4nzt damit perfekt das Angebot von <em>sophisticated knowledge GmbH<\/em>. <\/p>\n<\/div><\/div>\n\n\n\n<hr class=\"wp-block-separator has-alpha-channel-opacity\"\/>\n\n\n\n<p class=\"has-large-font-size\"><strong>Partner f\u00fcr Semiotik in YARMOUTH PORT, Massachusetts, USA<\/strong><\/p>\n\n\n\n<div class=\"wp-block-media-text alignwide is-stacked-on-mobile\" style=\"grid-template-columns:25% auto\"><figure class=\"wp-block-media-text__media\"><img loading=\"lazy\" decoding=\"async\" width=\"1024\" height=\"521\" src=\"http:\/\/neueseite.sophisticated-knowledge.com\/wp-content\/uploads\/2022\/02\/appl-iconology-1-1024x521.png\" alt=\"\" class=\"wp-image-177 size-full\" srcset=\"https:\/\/sophisticated-knowledge.com\/wp-content\/uploads\/2022\/02\/appl-iconology-1-1024x521.png 1024w, https:\/\/sophisticated-knowledge.com\/wp-content\/uploads\/2022\/02\/appl-iconology-1-300x153.png 300w, https:\/\/sophisticated-knowledge.com\/wp-content\/uploads\/2022\/02\/appl-iconology-1-768x391.png 768w, https:\/\/sophisticated-knowledge.com\/wp-content\/uploads\/2022\/02\/appl-iconology-1-508x258.png 508w, https:\/\/sophisticated-knowledge.com\/wp-content\/uploads\/2022\/02\/appl-iconology-1.png 1144w\" sizes=\"auto, (max-width: 1024px) 100vw, 1024px\" \/><\/figure><div class=\"wp-block-media-text__content\">\n<p class=\"has-normal-font-size\"><strong>APPLIED ICONOLOGY <sup>TM<\/sup>&nbsp; <\/strong>ist unser Partner in den Bereichen Semiotik und Ikonologie.Angewandte Ikonologie und Semiotik bedeutet, dass die Zeichenwelt, die Symbolik, die Cues bis hin zu den Schrifttypen, die im Zuge der Kommunikation eines Produktes oder einer Marke verwendet werden,&nbsp; nach emotionalen und kulturgeschichtlichen Kriterien analysiert und kategorisiert werden. Das Wissen um die Kraft und Wirkung von Zeichen ist eine wichtige Kompetenz in der Arbeit mit Marken und Produkten. APPLIED ICONOLOGY erg\u00e4nzt hier ideal die Kompetenzen von sophisticated knowledge.&nbsp;<\/p>\n\n\n\n<p class=\"has-normal-font-size\"><a rel=\"noreferrer noopener\" href=\"http:\/\/applied-iconology.com\/\" target=\"_blank\">http:\/\/applied-iconology.com\/<\/a><\/p>\n<\/div><\/div>\n\n\n\n<hr class=\"wp-block-separator has-alpha-channel-opacity\"\/>\n\n\n\n<div class=\"wp-block-media-text alignwide is-stacked-on-mobile\" style=\"grid-template-columns:22% auto\"><figure class=\"wp-block-media-text__media\"><img loading=\"lazy\" decoding=\"async\" width=\"302\" height=\"102\" src=\"https:\/\/sophisticated-knowledge.com\/wp-content\/uploads\/2023\/07\/Andersen-Marketing.png\" alt=\"\" class=\"wp-image-597 size-full\" srcset=\"https:\/\/sophisticated-knowledge.com\/wp-content\/uploads\/2023\/07\/Andersen-Marketing.png 302w, https:\/\/sophisticated-knowledge.com\/wp-content\/uploads\/2023\/07\/Andersen-Marketing-300x101.png 300w\" sizes=\"auto, (max-width: 302px) 100vw, 302px\" \/><\/figure><div class=\"wp-block-media-text__content\">\n<p>Wir kooperieren mit <strong><em><a href=\"https:\/\/andersen-marketing.de\/\" target=\"_blank\" rel=\"noreferrer noopener\">Andersen Marketing, Berlin<\/a><\/em><\/strong>: Andersen Marketing arbeitet in der  strategischen Ausrichtung von Gesch\u00e4ftsfeldern, Optimierung von Businessplanen und Pitch Deck, sowie Matchmaking mit Kooperationspartnern und Investoren.<\/p>\n<\/div><\/div>\n\n\n\n<hr class=\"wp-block-separator has-css-opacity\"\/>\n\n\n\n<p class=\"has-larger-font-size\"><strong>Narciss&amp;Taurus, Dresden<\/strong><\/p>\n\n\n\n<div class=\"wp-block-media-text alignwide is-stacked-on-mobile\" style=\"grid-template-columns:24% auto\"><figure class=\"wp-block-media-text__media\"><img loading=\"lazy\" decoding=\"async\" width=\"1024\" height=\"634\" src=\"http:\/\/neueseite.sophisticated-knowledge.com\/wp-content\/uploads\/2022\/02\/NTaurus-klein.jpg\" alt=\"\" class=\"wp-image-161 size-full\" srcset=\"https:\/\/sophisticated-knowledge.com\/wp-content\/uploads\/2022\/02\/NTaurus-klein.jpg 1024w, https:\/\/sophisticated-knowledge.com\/wp-content\/uploads\/2022\/02\/NTaurus-klein-300x186.jpg 300w, https:\/\/sophisticated-knowledge.com\/wp-content\/uploads\/2022\/02\/NTaurus-klein-768x476.jpg 768w, https:\/\/sophisticated-knowledge.com\/wp-content\/uploads\/2022\/02\/NTaurus-klein-508x315.jpg 508w\" sizes=\"auto, (max-width: 1024px) 100vw, 1024px\" \/><\/figure><div class=\"wp-block-media-text__content\">\n<p><em><a rel=\"noreferrer noopener\" href=\"https:\/\/www.narciss-taurus.de\/\" target=\"_blank\">Narciss&amp;Taurus<\/a><\/em> und <em>sophisticated knowledge<\/em> kooperieren bei der (Markt-) Forschung, in der Marketing-Beratung und wir bieten Seminare und Veranstaltungen im Bereich Neuromarketing an.<\/p>\n<\/div><\/div>\n\n\n\n<hr class=\"wp-block-separator has-css-opacity\"\/>\n\n\n\n<h2 class=\"wp-block-heading\">das Team, Agentur f\u00fcr Marketing<\/h2>\n\n\n\n<div class=\"wp-block-media-text alignwide is-stacked-on-mobile\" style=\"grid-template-columns:23% auto\"><figure class=\"wp-block-media-text__media\"><img loading=\"lazy\" decoding=\"async\" width=\"539\" height=\"277\" src=\"http:\/\/neueseite.sophisticated-knowledge.com\/wp-content\/uploads\/2021\/02\/dasTeam.png\" alt=\"\" class=\"wp-image-116 size-full\" srcset=\"https:\/\/sophisticated-knowledge.com\/wp-content\/uploads\/2021\/02\/dasTeam.png 539w, https:\/\/sophisticated-knowledge.com\/wp-content\/uploads\/2021\/02\/dasTeam-300x154.png 300w, https:\/\/sophisticated-knowledge.com\/wp-content\/uploads\/2021\/02\/dasTeam-508x261.png 508w\" sizes=\"auto, (max-width: 539px) 100vw, 539px\" \/><\/figure><div class=\"wp-block-media-text__content\">\n<p><a href=\"https:\/\/www.dasteam.de\/agentur\/\" data-type=\"URL\" data-id=\"https:\/\/www.dasteam.de\/agentur\/\"><em><strong>das Team<\/strong><\/em> Agentur f\u00fcr Marketing GmbH<\/a> ist eine Online-Agentur, die ganzheitliche Online Marketing-Strategien und die Realisierung der dazu passenden Ma\u00dfnahmen anbietet.  <em>sophisticated knowledge<\/em> und <em>das Team<\/em> arbeiten zusammen im Bereich der Forschung, Analyse und wir bieten gemeinsame Seminare und Trainings an.<\/p>\n<\/div><\/div>\n\n\n\n<hr class=\"wp-block-separator has-css-opacity\"\/>\n\n\n\n<div style=\"height:14px\" aria-hidden=\"true\" class=\"wp-block-spacer\"><\/div>\n\n\n\n<p class=\"has-larger-font-size\"><strong>BOSTON PREDICTIVE ANALYTICS<\/strong><\/p>\n\n\n\n<div class=\"wp-block-media-text alignwide is-stacked-on-mobile\" style=\"grid-template-columns:31% auto\"><figure class=\"wp-block-media-text__media\"><img loading=\"lazy\" decoding=\"async\" width=\"643\" height=\"277\" src=\"http:\/\/neueseite.sophisticated-knowledge.com\/wp-content\/uploads\/2022\/02\/Boston-Predictive.png\" alt=\"\" class=\"wp-image-179 size-full\" srcset=\"https:\/\/sophisticated-knowledge.com\/wp-content\/uploads\/2022\/02\/Boston-Predictive.png 643w, https:\/\/sophisticated-knowledge.com\/wp-content\/uploads\/2022\/02\/Boston-Predictive-300x129.png 300w, https:\/\/sophisticated-knowledge.com\/wp-content\/uploads\/2022\/02\/Boston-Predictive-508x219.png 508w\" sizes=\"auto, (max-width: 643px) 100vw, 643px\" \/><\/figure><div class=\"wp-block-media-text__content\">\n<p>Boston Predictive Analytics ist spezialisiert auf die Strukturierung und Analyse gro\u00dfer Datenmengen. Zusammen mit BPA optimieren wir die Nutzung von sehr grossen Datens\u00e4tzen und generieren neue Ansatzpunkte f\u00fcr Marketing und emotionale Kommunikationsansprache.  <a rel=\"noreferrer noopener\" href=\"https:\/\/bostonpredictiveanalytics.com\/\" target=\"_blank\">https:\/\/bostonpredictiveanalytics.com\/<\/a><\/p>\n<\/div><\/div>\n\n\n\n<hr class=\"wp-block-separator has-css-opacity\"\/>\n\n\n\n<p>Unsere Location f\u00fcr Seminare und Schulungen:<\/p>\n\n\n\n<p class=\"has-larger-font-size\"><strong>Haldm\u00fchle Bissersheim<\/strong><\/p>\n\n\n\n<div class=\"wp-block-media-text alignwide is-stacked-on-mobile\" style=\"grid-template-columns:27% auto\"><figure class=\"wp-block-media-text__media\"><img loading=\"lazy\" decoding=\"async\" width=\"450\" height=\"176\" src=\"http:\/\/neueseite.sophisticated-knowledge.com\/wp-content\/uploads\/2021\/02\/luftbild-haldmuehle.jpg\" alt=\"\" class=\"wp-image-118 size-full\" srcset=\"https:\/\/sophisticated-knowledge.com\/wp-content\/uploads\/2021\/02\/luftbild-haldmuehle.jpg 450w, https:\/\/sophisticated-knowledge.com\/wp-content\/uploads\/2021\/02\/luftbild-haldmuehle-300x117.jpg 300w\" sizes=\"auto, (max-width: 450px) 100vw, 450px\" \/><\/figure><div class=\"wp-block-media-text__content\">\n<p>Die Haldm\u00fchle ist eine <strong>Eventlocation<\/strong> f\u00fcr eine Feier, Hochzeit und f\u00fcr Seminarveranstaltungen in der <strong>Pfalz<\/strong>. Die Haldm\u00fchle bietet f\u00fcr jede Veranstaltung den richtigen Rahmen &#8211; drinnen und drau\u00dfen.   <a rel=\"noreferrer noopener\" href=\"https:\/\/www.haldmuehle-eventlocation.de\/\" target=\"_blank\">https:\/\/www.haldmuehle-eventlocation.de\/<\/a><\/p>\n<\/div><\/div>\n\n\n\n<hr class=\"wp-block-separator has-alpha-channel-opacity\"\/>\n\n\n\n<div style=\"height:34px\" aria-hidden=\"true\" class=\"wp-block-spacer\"><\/div>\n\n\n\n<p><\/p>\n\n\n\n<h1 class=\"wp-block-heading\">Durchgef\u00fchrte Projekte \/ Beispiele<\/h1>\n\n\n\n<ul class=\"wp-block-list\">\n<li>Entwicklung eines neuen Produkts, Branding und Markt-Etablierung f\u00fcr neuen Drink im Alkohol-Segment<\/li>\n\n\n\n<li>Seminar zum Thema Sprache und Emotion f\u00fcr die Weinwirtschaft<\/li>\n\n\n\n<li>Training f\u00fcr Stiftung einer politischen Partei im Themenbereich Personal und Empathie<\/li>\n\n\n\n<li>Quantitative neurosemantische Image-Analyse mit USemantics f\u00fcr und \u00fcber einen&nbsp;amerikanischen Bundesstaat&nbsp;<\/li>\n\n\n\n<li>10-Jahres Prognose Deutschland als Wirtschaftsstandort f\u00fcr SoftDrink Produzenten<\/li>\n\n\n\n<li>Neurowissenschaftliche Markenpositionierung f\u00fcr grossen Soft Drink Produzenten<\/li>\n\n\n\n<li>Neurowissenschaftlich fundierte Repositionierung der Marke und der Produkte f\u00fcr grossen Hersteller von Bauelementen: b2b und b2c, unter Einbezug der Sales-Force<\/li>\n\n\n\n<li>Webbasierte quantitative neurosemantische &nbsp;Imageanalyse f\u00fcr grosse Brauerei<\/li>\n\n\n\n<li>Markenkernanalyse f\u00fcr eine grosse Bank in acht europ\u00e4ischen L\u00e4ndern<\/li>\n\n\n\n<li>Entwicklung Leitbildanalyse und Markenarchitektur f\u00fcr Wissenschaftsorganisation<\/li>\n\n\n\n<li>Change Management Projekt zur kulturellen Integration zweier Pharmaunternehmen<\/li>\n\n\n\n<li>Konzeption und Erstellung von Reden f\u00fcr Politiker, Bundesminister und Staatsoberh\u00e4upter<\/li>\n\n\n\n<li>Analyse Markenimage und Markenpositionierung eines grossen Chemieunternehmens in drei Sprachen und f\u00fcnf M\u00e4rkten<\/li>\n\n\n\n<li>Vorbereitung der wissenschaftlichen Akkreditierung einer privaten Wirtschaftshochschule bis zur erfolgreichen Erst-Akkreditierung in Deutschland<\/li>\n\n\n\n<li>Einsatz von Neurozielgruppen f\u00fcr die Marktforschung und das Marketing eines grossen&nbsp;Verlags; Erstellung von Empfehlungen f\u00fcr POS Gestaltung<\/li>\n\n\n\n<li>Analyse \u201eLeitbild Automobile Gesellschaft\u201c f\u00fcr einen grossen Automobilhersteller vor dem Hintergrund schnellen technischen und gesellschaftlichen Wandels<\/li>\n<\/ul>\n\n\n\n<hr class=\"wp-block-separator has-alpha-channel-opacity\"\/>\n\n\n\n<h1 class=\"wp-block-heading\">KUNDEN<\/h1>\n\n\n\n<p>Coca-Cola Deutschland; bigfFM Deutschland; Daimler-Benz; AUDI AG; BMW Group; Adam Opel AG; RTL Group; LaFarge; Bertelsmann Stiftung; Fraunhofer Gesellschaft; Deutsche Telekom AG; Bayer Schering Pharma; Bayer HealthCare; Deutsche Bank; Winterthur AG; Metro AG; Henkel KG; uvm.<\/p>\n\n\n\n<pre class=\"wp-block-preformatted\"><\/pre>\n\n\n\n<p><\/p>\n","protected":false},"excerpt":{"rendered":"<p>LIONS &amp; DOVES aus Mei\u00dfen ist ein privates Institut f\u00fcr spezielle Methodik im Neuromarketing und erg\u00e4nzt damit perfekt das Angebot von sophisticated knowledge GmbH. Partner f\u00fcr Semiotik in YARMOUTH PORT, Massachusetts, USA APPLIED ICONOLOGY TM&nbsp; ist unser Partner in den Bereichen Semiotik und Ikonologie.Angewandte Ikonologie und Semiotik bedeutet, dass die Zeichenwelt, die Symbolik, die Cues [&hellip;]<\/p>\n","protected":false},"author":1,"featured_media":0,"parent":0,"menu_order":0,"comment_status":"closed","ping_status":"closed","template":"","meta":{"footnotes":""},"class_list":["post-105","page","type-page","status-publish","hentry"],"_links":{"self":[{"href":"https:\/\/sophisticated-knowledge.com\/index.php?rest_route=\/wp\/v2\/pages\/105","targetHints":{"allow":["GET"]}}],"collection":[{"href":"https:\/\/sophisticated-knowledge.com\/index.php?rest_route=\/wp\/v2\/pages"}],"about":[{"href":"https:\/\/sophisticated-knowledge.com\/index.php?rest_route=\/wp\/v2\/types\/page"}],"author":[{"embeddable":true,"href":"https:\/\/sophisticated-knowledge.com\/index.php?rest_route=\/wp\/v2\/users\/1"}],"replies":[{"embeddable":true,"href":"https:\/\/sophisticated-knowledge.com\/index.php?rest_route=%2Fwp%2Fv2%2Fcomments&post=105"}],"version-history":[{"count":50,"href":"https:\/\/sophisticated-knowledge.com\/index.php?rest_route=\/wp\/v2\/pages\/105\/revisions"}],"predecessor-version":[{"id":768,"href":"https:\/\/sophisticated-knowledge.com\/index.php?rest_route=\/wp\/v2\/pages\/105\/revisions\/768"}],"wp:attachment":[{"href":"https:\/\/sophisticated-knowledge.com\/index.php?rest_route=%2Fwp%2Fv2%2Fmedia&parent=105"}],"curies":[{"name":"wp","href":"https:\/\/api.w.org\/{rel}","templated":true}]}}