{"id":14,"date":"2022-02-14T09:38:39","date_gmt":"2022-02-14T09:38:39","guid":{"rendered":"http:\/\/neueseite.sophisticated-knowledge.com\/?page_id=14"},"modified":"2025-09-11T12:48:26","modified_gmt":"2025-09-11T12:48:26","slug":"neurosemantik-hintergrund","status":"publish","type":"page","link":"https:\/\/sophisticated-knowledge.com\/?page_id=14","title":{"rendered":"Neurosemantik &#038; Neuro-Anthropologisches Branding"},"content":{"rendered":"\n<p><strong>NEUROSEMANTIK &#8211; Sprache, Emotionen und Verhalten<\/strong><\/p>\n\n\n\n<div class=\"wp-block-group\"><div class=\"wp-block-group__inner-container is-layout-flow wp-block-group-is-layout-flow\">\n<p class=\"has-drop-cap\">Die Sprache ist Teil des menschlichen Verhaltenskanons und wird ma\u00dfgeblich mitbestimmt durch Neurotransmitter. Sprache und damit verbundene kognitive Prozesse aktivieren wiederum die Neurotransmitter im K\u00f6rper und rufen dadurch spezifische affektiv-kognitive Reaktionen, Emotionen hervor. Diese Reaktionen bauen teilweise auf evolutionsbiologisch sehr alten Bewertungsmustern auf. Neurosemantik nutzt das Wissen \u00fcber diese Verkn\u00fcpfungen und kann so die emotionale Wirkung von Sprache auf neue Weise und besser als alle anderen Branding-Ans\u00e4tze  erkl\u00e4ren.<\/p>\n<\/div><\/div>\n\n\n<div class=\"wp-block-image\">\n<figure class=\"aligncenter size-large is-resized\"><img loading=\"lazy\" decoding=\"async\" width=\"943\" height=\"451\" src=\"http:\/\/neueseite.sophisticated-knowledge.com\/wp-content\/uploads\/2021\/08\/sprachverarbeitung-ohne-rand.png\" alt=\"\" class=\"wp-image-130\" style=\"width:361px;height:172px\" srcset=\"https:\/\/sophisticated-knowledge.com\/wp-content\/uploads\/2021\/08\/sprachverarbeitung-ohne-rand.png 943w, https:\/\/sophisticated-knowledge.com\/wp-content\/uploads\/2021\/08\/sprachverarbeitung-ohne-rand-300x143.png 300w, https:\/\/sophisticated-knowledge.com\/wp-content\/uploads\/2021\/08\/sprachverarbeitung-ohne-rand-768x367.png 768w, https:\/\/sophisticated-knowledge.com\/wp-content\/uploads\/2021\/08\/sprachverarbeitung-ohne-rand-508x243.png 508w\" sizes=\"auto, (max-width: 943px) 100vw, 943px\" \/><figcaption class=\"wp-element-caption\">Sprachverarbeitung im Gehirn<\/figcaption><\/figure>\n<\/div>\n\n\n<div class=\"wp-block-group\"><div class=\"wp-block-group__inner-container is-layout-flow wp-block-group-is-layout-flow\">\n<p>Unsere neurosemantische Sprachkarten &#8211; wir nennen unser Tool \u00b4LanguageWIZZard\u00b4(Englisch und Deutsch) &#8211; setzen sich zusammen aus biologisch vorfindbaren Emotionen und kulturell entwickelten Emotionen. Sie beruhen jeweils auf einer neurosemantischen Bibliothek von vielen&nbsp;tausend emotionalen Begriffen der englischen und deutschen Sprache.&nbsp; Jedes einzelne Feld wie \u201eMacht\u201c oder \u201eopenness\u201c enth\u00e4lt tausende von Begriffen, die alle sprachlich definierbaren Emotionen repr\u00e4sentieren. Die Datenbank hinter den Emotionsfeldern wird st\u00e4ndig erweitert und erg\u00e4nzt durch KI\/LLM\u00b4s.<\/p>\n\n\n<div class=\"wp-block-image\">\n<figure class=\"alignright is-resized\"><img loading=\"lazy\" decoding=\"async\" width=\"600\" height=\"487\" src=\"http:\/\/neueseite.sophisticated-knowledge.com\/wp-content\/uploads\/2021\/08\/map-deutsch.png\" alt=\"\" class=\"wp-image-129\" style=\"width:256px;height:208px\" srcset=\"https:\/\/sophisticated-knowledge.com\/wp-content\/uploads\/2021\/08\/map-deutsch.png 600w, https:\/\/sophisticated-knowledge.com\/wp-content\/uploads\/2021\/08\/map-deutsch-300x244.png 300w, https:\/\/sophisticated-knowledge.com\/wp-content\/uploads\/2021\/08\/map-deutsch-508x412.png 508w\" sizes=\"auto, (max-width: 600px) 100vw, 600px\" \/><figcaption class=\"wp-element-caption\">Neurosemantische Karte und Datenbank: <br>                        <em><strong>LanguageWIZZard<\/strong><\/em><\/figcaption><\/figure>\n<\/div>\n\n\n<p class=\"has-drop-cap\">Vorteile und Anwendung der Methode und der Karte im Marketing:<\/p>\n\n\n\n<ul class=\"wp-block-list\">\n<li>VISUALISIERUNG von Sprache: Die emotionale Positionierung sofort erkennen und einordnen<\/li>\n\n\n\n<li>Erfassung von <em>semantischen und emotionalen Frames<\/em> einer Marke, eines Produkts oder auch einer Serviceleistung<\/li>\n\n\n\n<li>Erstellung von <em>zielgruppengerechter Sprache<\/em> f\u00fcr ein Produkt oder eine Marke<\/li>\n\n\n\n<li><em>Positionierungen<\/em> der eigenen Marke und von Wettbewerbern <\/li>\n\n\n\n<li>Analyse auf Basis unserer neurosemantischen Datenbank  &#8211; \u00b4LanguageWIZZard\u00b4- von eigener Sprache und der von Wettbewerbern<\/li>\n\n\n\n<li>Erstellung von <em>Marken-W\u00f6rterb\u00fcchern<\/em> f\u00fcr die Unternehmenskommunikation auf der Basis neurosemantischer Analysen <\/li>\n<\/ul>\n\n\n\n<p><\/p>\n\n\n\n<div class=\"wp-block-media-text alignwide is-stacked-on-mobile\" style=\"grid-template-columns:44% auto\"><figure class=\"wp-block-media-text__media\"><img loading=\"lazy\" decoding=\"async\" width=\"1024\" height=\"917\" src=\"http:\/\/neueseite.sophisticated-knowledge.com\/wp-content\/uploads\/2023\/02\/Desemantik-karte-klein-1024x917.jpg\" alt=\"\" class=\"wp-image-268 size-full\" srcset=\"https:\/\/sophisticated-knowledge.com\/wp-content\/uploads\/2023\/02\/Desemantik-karte-klein-1024x917.jpg 1024w, https:\/\/sophisticated-knowledge.com\/wp-content\/uploads\/2023\/02\/Desemantik-karte-klein-300x269.jpg 300w, https:\/\/sophisticated-knowledge.com\/wp-content\/uploads\/2023\/02\/Desemantik-karte-klein-768x688.jpg 768w, https:\/\/sophisticated-knowledge.com\/wp-content\/uploads\/2023\/02\/Desemantik-karte-klein-1536x1375.jpg 1536w, https:\/\/sophisticated-knowledge.com\/wp-content\/uploads\/2023\/02\/Desemantik-karte-klein-2048x1834.jpg 2048w, https:\/\/sophisticated-knowledge.com\/wp-content\/uploads\/2023\/02\/Desemantik-karte-klein-1240x1110.jpg 1240w, https:\/\/sophisticated-knowledge.com\/wp-content\/uploads\/2023\/02\/Desemantik-karte-klein-508x455.jpg 508w\" sizes=\"auto, (max-width: 1024px) 100vw, 1024px\" \/><\/figure><div class=\"wp-block-media-text__content\">\n<p><strong>Ordnen Sie ihre Marke oder ihr Produkt in der Karte ein !  Wo steht Ihre Marke und wo sind ihre Zielgruppen? Kommunzieren Sie emotional richtig?<\/strong><\/p>\n\n\n\n<p><\/p>\n<\/div><\/div>\n\n\n\n<p class=\"has-text-align-center\"><strong>Denn: Emotionen entscheiden beim Produktkauf, nicht die Fakten!<\/strong><\/p>\n\n\n\n<hr class=\"wp-block-separator has-alpha-channel-opacity\"\/>\n\n\n\n<h2 class=\"wp-block-heading\">NEURO-ANtHROPOLOGISCHES Branding<\/h2>\n<\/div><\/div>\n\n\n\n<p>Der Ansatz von sophisticated knowledge ist ein v\u00f6llig neuartiger Zugriff, der faktisch alle Aspekte eines Produktes oder einer Marke im Marketing und in der Kommunikation ber\u00fccksichtigt. Daf\u00fcr haben wir Kulturhistoriker, Neurowissenschaftler und Soziologen im Team. Wir vernetzen und setzen die besten und passendsten Elemente aus einer Markenrecherche f\u00fcr die Kommunikation, Gestaltung und das Marketing eines Produktes ein. Daraus ergeben sich vielf\u00e4ltige und neue Ans\u00e4tze f\u00fcr ein Produkt.<\/p>\n\n\n<div class=\"wp-block-image\">\n<figure class=\"aligncenter size-full is-resized\"><img loading=\"lazy\" decoding=\"async\" width=\"573\" height=\"536\" src=\"https:\/\/sophisticated-knowledge.com\/wp-content\/uploads\/2023\/04\/Neuro-Anthropolog-Branding.png\" alt=\"\" class=\"wp-image-525\" style=\"width:287px;height:268px\" srcset=\"https:\/\/sophisticated-knowledge.com\/wp-content\/uploads\/2023\/04\/Neuro-Anthropolog-Branding.png 573w, https:\/\/sophisticated-knowledge.com\/wp-content\/uploads\/2023\/04\/Neuro-Anthropolog-Branding-300x281.png 300w, https:\/\/sophisticated-knowledge.com\/wp-content\/uploads\/2023\/04\/Neuro-Anthropolog-Branding-508x475.png 508w\" sizes=\"auto, (max-width: 573px) 100vw, 573px\" \/><\/figure>\n<\/div>\n\n\n<p id=\"anthropologische-Aspekte\">In einem typischen Branding-Projekt zeigen wir die historisch relevanten Elemente einer Marke, eines Produktes, einer Anwendung oder einer Kategorie von Produkten. Produkte haben h\u00e4ufig eine jahrhunderte alte Geschichte ausgef\u00fcllt mit endlos vielen Narrativen, Anwendungen, Symbolen, Bildwelten und auch speziellen Marketingma\u00dfnahmen. Das ist der anthropologische Aspekt. Aus diesen Materialien suchen wir zusammen mit dem Kunden die passendsten Elemente f\u00fcr die Marke und das Marketing aus.  <\/p>\n\n\n\n<p>Im Weiteren werden die physiologischen, psychischen, emotionalen Aspekte eines Produktes \/einer Marke gezeigt und f\u00fcr das Marketing nutzbar gemacht. Jedes Produkt hat spezifische Wirkungen auf seinen Nutzer und die Zielgruppe.  Wir analysieren diese Auswirkungen und nutzen Sie im Marketing und in der Kommunkation.<\/p>\n\n\n\n<hr class=\"wp-block-separator has-alpha-channel-opacity\"\/>\n\n\n\n<h2 class=\"wp-block-heading\">Der aktuelle Hype um KI-Sprachtools<\/h2>\n\n\n\n<p class=\"has-normal-font-size\">Der Hype um und die dramatische Entwicklung von KI-Sprachtools wie ChatGPT, Microsoft Copilot, Claude AI,  perplexity, Google Gemini, Copy.ai, etc. zeigt die derzeitigen Potenziale von k\u00fcnstlicher &#8222;Intelligenz&#8220;, aber auch ihre Grenzen. Zun\u00e4chst gilt noch immer: Software ist nicht intelligent, sondern programmiert. Software ist ein teilweise offener Ablauf von Programmen, der versucht, menschliche Intelligenz zu kopieren oder zu simulieren und dabei spezifische Rechen- und Kombinationsleistungen erbringt. Die sind z.T. sehr beeindruckend. Aber auch extrem limitiert (fachlich, thematisch, kontextuell uvm.).<\/p>\n\n\n\n<p>Keine Software, keine sogenannte k\u00fcnstliche &#8222;Intelligenz&#8220; kann \u00fcber den der Software gesetzten bzw. definierten Rahmen hinaus Informationen sammeln. Dazu fehlt dem jeweiligen Programm die Technik, die Methodik und die notwendige Erkenntnisf\u00e4higkeit. Keine Sprachsoftware kann Kontext und situative Elemente erkennen oder interpretieren, weil sie kein Instrumentarium und keine Daten dazu hat. Keine Software kann wissenschaftliche Revolutionen oder Paradigmenwechsel einl\u00e4uten, ihre Methodik \u00e4ndern oder auf (technische, soziale, kulturelle, etc.) Revolutionen reagieren. Und jede Software ist extrem manipulationsanf\u00e4llig. <\/p>\n\n\n\n<p>Aber was bedeutet das f\u00fcr die Arbeit mit dem Thema Sprache und Emotionen? Ganz einfach: Die Arbeit im Sinne von Datenerhebung, -auswertung, Analyse und Interpretation ist nach wie vor harte analytische, hermeneutische, heuristische und statistische Arbeit, die von Menschen gemacht werden muss. Generative KI kann und sollte daf\u00fcr effektiv genutzt werden, muss aber unbedingt von Mitarbeitern mit viel Fachwissen kontrolliert werden, weil sonst Unsinn und Unwahrheiten in Berichten landen. Die Software produziert Wahrscheinlichkeiten, keine Gewissheiten, bei unseren Tests haben verschiedene KI-Modelle auch schlicht und einfach falsche Fakten geliefert. Die gr\u00f6\u00dfte Gefahr bei der Nutzung von CHatGPT und \u00e4hnlichen Tools im Marketing? Dass Informationen in Zielgruppenmodellen Eingang finden, die erfunden sind. Daher sind wir bei <strong><em>sophisticated knowledge<\/em><\/strong> \u00fcberzeugt davon, dass unsere Arbeit und unser Modell noch lange gebraucht werden.<\/p>\n\n\n\n<p>Wir freuen uns auf Ihren Anruf oder Ihre Mail!<\/p>\n\n\n\n<div class=\"wp-block-group\"><div class=\"wp-block-group__inner-container is-layout-flow wp-block-group-is-layout-flow\">\n<div class=\"wp-block-columns is-layout-flex wp-container-core-columns-is-layout-9d6595d7 wp-block-columns-is-layout-flex\">\n<div class=\"wp-block-column is-layout-flow wp-block-column-is-layout-flow\" style=\"flex-basis:100%\"><div class=\"wp-block-image\">\n<figure class=\"aligncenter size-full is-resized\"><img loading=\"lazy\" decoding=\"async\" width=\"489\" height=\"494\" src=\"http:\/\/neueseite.sophisticated-knowledge.com\/wp-content\/uploads\/2023\/02\/Picture1.png\" alt=\"\" class=\"wp-image-273\" style=\"width:130px;height:132px\" srcset=\"https:\/\/sophisticated-knowledge.com\/wp-content\/uploads\/2023\/02\/Picture1.png 489w, https:\/\/sophisticated-knowledge.com\/wp-content\/uploads\/2023\/02\/Picture1-297x300.png 297w\" sizes=\"auto, (max-width: 489px) 100vw, 489px\" \/><\/figure>\n<\/div><\/div>\n<\/div>\n<\/div><\/div>\n\n\n<div class=\"wp-block-image\">\n<figure class=\"aligncenter size-full is-resized\"><img loading=\"lazy\" decoding=\"async\" width=\"778\" height=\"155\" src=\"http:\/\/neueseite.sophisticated-knowledge.com\/wp-content\/uploads\/2023\/02\/SophisticatedKnowlege-Schriftzug-freistehend.png\" alt=\"\" class=\"wp-image-271\" style=\"width:253px;height:50px\" srcset=\"https:\/\/sophisticated-knowledge.com\/wp-content\/uploads\/2023\/02\/SophisticatedKnowlege-Schriftzug-freistehend.png 778w, https:\/\/sophisticated-knowledge.com\/wp-content\/uploads\/2023\/02\/SophisticatedKnowlege-Schriftzug-freistehend-300x60.png 300w, https:\/\/sophisticated-knowledge.com\/wp-content\/uploads\/2023\/02\/SophisticatedKnowlege-Schriftzug-freistehend-768x153.png 768w, https:\/\/sophisticated-knowledge.com\/wp-content\/uploads\/2023\/02\/SophisticatedKnowlege-Schriftzug-freistehend-508x101.png 508w\" sizes=\"auto, (max-width: 778px) 100vw, 778px\" \/><\/figure>\n<\/div>\n\n\n<div class=\"wp-block-group\"><div class=\"wp-block-group__inner-container is-layout-flow wp-block-group-is-layout-flow\">\n<div class=\"wp-block-columns is-layout-flex wp-container-core-columns-is-layout-9d6595d7 wp-block-columns-is-layout-flex\">\n<div class=\"wp-block-column is-layout-flow wp-block-column-is-layout-flow\" style=\"flex-basis:100%\"><\/div>\n<\/div>\n<\/div><\/div>\n","protected":false},"excerpt":{"rendered":"<p>NEUROSEMANTIK &#8211; Sprache, Emotionen und Verhalten Unsere neurosemantische Sprachkarten &#8211; wir nennen unser Tool \u00b4LanguageWIZZard\u00b4(Englisch und Deutsch) &#8211; setzen sich zusammen aus biologisch vorfindbaren Emotionen und kulturell entwickelten Emotionen. Sie beruhen jeweils auf einer neurosemantischen Bibliothek von vielen&nbsp;tausend emotionalen Begriffen der englischen und deutschen Sprache.&nbsp; Jedes einzelne Feld wie \u201eMacht\u201c oder \u201eopenness\u201c enth\u00e4lt tausende von [&hellip;]<\/p>\n","protected":false},"author":1,"featured_media":0,"parent":0,"menu_order":0,"comment_status":"closed","ping_status":"closed","template":"","meta":{"footnotes":""},"class_list":["post-14","page","type-page","status-publish","hentry"],"_links":{"self":[{"href":"https:\/\/sophisticated-knowledge.com\/index.php?rest_route=\/wp\/v2\/pages\/14","targetHints":{"allow":["GET"]}}],"collection":[{"href":"https:\/\/sophisticated-knowledge.com\/index.php?rest_route=\/wp\/v2\/pages"}],"about":[{"href":"https:\/\/sophisticated-knowledge.com\/index.php?rest_route=\/wp\/v2\/types\/page"}],"author":[{"embeddable":true,"href":"https:\/\/sophisticated-knowledge.com\/index.php?rest_route=\/wp\/v2\/users\/1"}],"replies":[{"embeddable":true,"href":"https:\/\/sophisticated-knowledge.com\/index.php?rest_route=%2Fwp%2Fv2%2Fcomments&post=14"}],"version-history":[{"count":33,"href":"https:\/\/sophisticated-knowledge.com\/index.php?rest_route=\/wp\/v2\/pages\/14\/revisions"}],"predecessor-version":[{"id":811,"href":"https:\/\/sophisticated-knowledge.com\/index.php?rest_route=\/wp\/v2\/pages\/14\/revisions\/811"}],"wp:attachment":[{"href":"https:\/\/sophisticated-knowledge.com\/index.php?rest_route=%2Fwp%2Fv2%2Fmedia&parent=14"}],"curies":[{"name":"wp","href":"https:\/\/api.w.org\/{rel}","templated":true}]}}