{"id":153,"date":"2022-02-14T20:35:30","date_gmt":"2022-02-14T20:35:30","guid":{"rendered":"http:\/\/neueseite.sophisticated-knowledge.com\/?page_id=153"},"modified":"2024-02-26T07:44:00","modified_gmt":"2024-02-26T07:44:00","slug":"publikationen-blog","status":"publish","type":"page","link":"https:\/\/sophisticated-knowledge.com\/?page_id=153","title":{"rendered":"Publikationen"},"content":{"rendered":"\n<p class=\"has-large-font-size\"><strong>Felix Philipp Lutz: <em>The G\u00f6tterd\u00e4mmerung of the Nation Brand: German Identity After 30 Years of Unification<\/em>.<\/strong><\/p>\n\n\n\n<p>Neue Ver\u00f6ffentlichung zum Thema Marke, Aufsatz im Sammelband:  &#8222;The Legacy and Impact of German Unification. The Elusive Dream of Flourishing Landscapes.&#8220; <\/p>\n\n\n\n<p>Hrsg.: John Robertson (Texas A&amp;M) &amp; Michael Oswald (University of Passau\/Free University of Berlin),<\/p>\n\n\n\n<p> Verlag Palgrave Macmillan, 2022, pp.267-293.<\/p>\n\n\n\n<div class=\"wp-block-media-text alignwide is-stacked-on-mobile\" style=\"grid-template-columns:25% auto\"><figure class=\"wp-block-media-text__media\"><img loading=\"lazy\" decoding=\"async\" width=\"415\" height=\"614\" src=\"http:\/\/neueseite.sophisticated-knowledge.com\/wp-content\/uploads\/2022\/02\/sreenprint-cover-klein-1.jpg\" alt=\"\" class=\"wp-image-183 size-full\" srcset=\"https:\/\/sophisticated-knowledge.com\/wp-content\/uploads\/2022\/02\/sreenprint-cover-klein-1.jpg 415w, https:\/\/sophisticated-knowledge.com\/wp-content\/uploads\/2022\/02\/sreenprint-cover-klein-1-203x300.jpg 203w\" sizes=\"auto, (max-width: 415px) 100vw, 415px\" \/><\/figure><div class=\"wp-block-media-text__content\">\n<p><strong>Abstract:<\/strong> Can a country, a nation-state be a brand? Does it make sense to apply a business concept to explore and evaluate the development of Germany in 30 years as a unified nation? Nations around the world are increasingly active in the cultivation of their images. Positive images attract tourists and foreign investments, help in forging international alliances and lure the best brains into a country\u2019s workforce. Each regime or government rolls out its propaganda machine to manipulate their images in an attempt to improve their reputations. The nation\u2019s brand takes shape in such images, which are not based only on facts, but rather emerge from a mixture of facts, myths, beliefs and prejudices and many other subjective impressions and experiences. Considering nations as brands helps reveal some of their core qualities. The focus here is on Germany after 30 years of unification. The analysis will look into those building blocks making up a nation brand, which can be called system software: The attitudes, opinions and meanings the German people expose toward their government, their country and their past.<\/p>\n\n\n\n<p>Schreiben Sie uns eine Email, wenn Sie Interesse an dem Text haben: <a href=\"mailto:info@sophisticated-knowledge.org\">info@sophisticated-knowledge.org<\/a>      <\/p>\n\n\n\n<p>oder gehen Sie direkt zu dem Text beim Verlag:  <a href=\"https:\/\/link.springer.com\/chapter\/10.1007\/978-3-030-97154-0_10\" target=\"_blank\" rel=\"noreferrer noopener\">https:\/\/link.springer.com\/chapter\/10.1007\/978-3-030-97154-0_10<\/a><\/p>\n<\/div><\/div>\n\n\n\n<hr class=\"wp-block-separator has-alpha-channel-opacity\"\/>\n\n\n\n<p class=\"has-large-font-size\">Aufsatz \u00fcber die Anwendung neurosemantischer Positionierung in der Kommunikationsberatung<\/p>\n\n\n\n<p class=\"has-large-font-size\"><strong>Felix Philipp Lutz<\/strong>, <em>Neurosemantik \u2013 Emotionen und Sprache in der Kommunikationsberatung<\/em>, in:<\/p>\n\n\n\n<div class=\"wp-block-media-text alignwide is-stacked-on-mobile\" style=\"grid-template-columns:25% auto\"><figure class=\"wp-block-media-text__media\"><img loading=\"lazy\" decoding=\"async\" width=\"400\" height=\"565\" src=\"http:\/\/neueseite.sophisticated-knowledge.com\/wp-content\/uploads\/2022\/12\/10.5771_1865-4789-2015-1-2_big.gif.jpg\" alt=\"\" class=\"wp-image-229 size-full\" srcset=\"https:\/\/sophisticated-knowledge.com\/wp-content\/uploads\/2022\/12\/10.5771_1865-4789-2015-1-2_big.gif.jpg 400w, https:\/\/sophisticated-knowledge.com\/wp-content\/uploads\/2022\/12\/10.5771_1865-4789-2015-1-2_big.gif-212x300.jpg 212w\" sizes=\"auto, (max-width: 400px) 100vw, 400px\" \/><\/figure><div class=\"wp-block-media-text__content\">\n<p>ZPB Zeitschrift f\u00fcr Politikberatung, Seite 63 &#8211; 68 ZPB, Jahrgang 7 (2015), Heft 1-2, ISSN print: 1865-4789, ISSN online: 1865-4789, DOI: 10.5771\/1865-4789-2015-1-2-63<\/p>\n\n\n\n<p><strong>ABSTRACT<\/strong><\/p>\n\n\n\n<p>Neurosemantische Karten helfen, Sprache und damit Emotionen zu navigieren. Sprache aktiviert Neurotransmitter im K\u00f6rper und ruft dadurch spezifische affektive Reaktionen und Emotionen hervor. Diese Reaktionen stellen evolutionsbiologisch sehr alte Verhaltens- und Bewertungsmuster dar. Neurosemantik nutzt das Wissen \u00fcber diese Verkn\u00fcpfungen und kann so die emotionale Wirkung von Sprache auf neue Weise besser erkl\u00e4ren. Die Neurosemantik erlaubt zielgruppengerechtere und wirkungsvollere Kommunikationsberatung. So kann Barack Obamas Wiederwahl 2012 auch mit der Optimierung von emotionaler Sprache und Inhalten im Wahlkampf erkl\u00e4rt werden. Damit gelang es ihm, breitere Bev\u00f6lkerungskreise anzusprechen, zum Urnengang zu motivieren und sich f\u00fcr den Amtsinhaber zu entscheiden.<\/p>\n\n\n\n<p><a href=\"https:\/\/www.nomos-elibrary.de\/10.5771\/1865-4789-2015-1-2-63\/neurosemantik-emotionen-und-sprache-in-der-kommunikationsberatung-jahrgang-7-2015-heft-1-2?page=1\">https:\/\/www.nomos-elibrary.de\/10.5771\/1865-4789-2015-1-2-63\/neurosemantik-emotionen-und-sprache-in-der-kommunikationsberatung-jahrgang-7-2015-heft-1-2?page=1<\/a><\/p>\n<\/div><\/div>\n\n\n\n<hr class=\"wp-block-separator has-alpha-channel-opacity\"\/>\n\n\n\n<h2 class=\"wp-block-heading has-text-align-left\">Publikation: Predicting the President<\/h2>\n\n\n\n<div class=\"wp-block-media-text alignwide is-stacked-on-mobile\" style=\"grid-template-columns:25% auto\"><figure class=\"wp-block-media-text__media\"><img loading=\"lazy\" decoding=\"async\" width=\"552\" height=\"734\" src=\"https:\/\/sophisticated-knowledge.com\/wp-content\/uploads\/2023\/05\/Predicting-the-President.jpg\" alt=\"\" class=\"wp-image-540 size-full\" srcset=\"https:\/\/sophisticated-knowledge.com\/wp-content\/uploads\/2023\/05\/Predicting-the-President.jpg 552w, https:\/\/sophisticated-knowledge.com\/wp-content\/uploads\/2023\/05\/Predicting-the-President-226x300.jpg 226w, https:\/\/sophisticated-knowledge.com\/wp-content\/uploads\/2023\/05\/Predicting-the-President-508x675.jpg 508w\" sizes=\"auto, (max-width: 552px) 100vw, 552px\" \/><\/figure><div class=\"wp-block-media-text__content\">\n<p><strong>Philipp Kardinahl: <\/strong><em>Predicting The President: The Hidden Power of Language and Emotions, in: The G20 Young Entrepreneurs`Alliance Summit, The Official G20 Year Summit 2017 Publication<\/em><\/p>\n\n\n\n<p><strong>ABSTRACT<\/strong><\/p>\n\n\n\n<p>Philipp Kardinahl beschreibt die Analysen, die den Wahlsieg von Donald Trump in den USA vorhersagen konnten. Donald Trump hatte entgegen der allgemeinen&nbsp; Wahrnehmung genau die emotionalen Bed\u00fcrfnisse von spezifischen Gruppen in den USA angesprochen, die&nbsp; ihm einen knappen Wahlsieg bei den Pr\u00e4sidentschaftswahlen 2016 erm\u00f6glichten.<\/p>\n\n\n\n<p>Hier geht es zur Ver\u00f6ffentlichung:  <a rel=\"noreferrer noopener\" href=\"https:\/\/issuu.com\/g20magazine\/docs\/01_96_gyea_singles_chris\" target=\"_blank\">issuu.com\/g20magazine\/docs\/01_96_gyea_singles_chris<\/a><\/p>\n<\/div><\/div>\n\n\n\n<p><\/p>\n\n\n\n<hr class=\"wp-block-separator has-alpha-channel-opacity\"\/>\n\n\n\n<p class=\"has-large-font-size\"><strong>Felix Philipp Lutz<\/strong>, <em>Trends und Marketing im Luxussegment, in: Thesen zur Zukunft des Marketings, <\/em>hrsg. v. Marketing Club Mainz-Wiesbaden, Wiesbaden 2016, S. 161-169.<\/p>\n\n\n\n<div class=\"wp-block-media-text alignwide is-stacked-on-mobile\" style=\"grid-template-columns:26% auto\"><figure class=\"wp-block-media-text__media\"><img loading=\"lazy\" decoding=\"async\" width=\"448\" height=\"299\" src=\"http:\/\/neueseite.sophisticated-knowledge.com\/wp-content\/uploads\/2023\/02\/csm__MG_7725_copy_2_86b7d1236e.jpg\" alt=\"\" class=\"wp-image-291 size-full\" srcset=\"https:\/\/sophisticated-knowledge.com\/wp-content\/uploads\/2023\/02\/csm__MG_7725_copy_2_86b7d1236e.jpg 448w, https:\/\/sophisticated-knowledge.com\/wp-content\/uploads\/2023\/02\/csm__MG_7725_copy_2_86b7d1236e-300x200.jpg 300w\" sizes=\"auto, (max-width: 448px) 100vw, 448px\" \/><\/figure><div class=\"wp-block-media-text__content\">\n<p><strong>ABSTRACT<\/strong><\/p>\n\n\n\n<p>Die Ums\u00e4tze im Bereich der Luxusg\u00fcter sind in den vergangenen Jahrzehnten stetig gestiegen. Allein zwischen den Jahren 2003 und 2015 verdoppelte sich der Umsatz auf ca. 250 Mrd Euro weltweit, mit weiterhin steigender Tendenz. Diese Zahl beinhaltet allerdings noch nicht die Verk\u00e4ufe von Luxusautomobilen wie Ferrari, Porsche, Rolls Royce, von M\u00f6beln, Kunst, Luxusimmobilien und Yachten. Dann addiert sich der Umsatz auf weit \u00fcber eine Billion Euro. In Deutschland werden in diesen Segmenten ca. 5% vom Gesamtvolumen des weltweiten Marktes umgesetzt. Aber auch die Luxusg\u00fcterbranche ist in einem permanenten Umbruch begriffen. Das einfache \u00dcbertragen von Marketing- und Kommunikationsl\u00f6sungen aus anderen Segmenten und Branchen reicht nicht aus, um die Klientel der Bestverdiener zu \u00fcberzeugen.<\/p>\n\n\n\n<p><a href=\"https:\/\/www.mc-mainz-wiesbaden.de\/home\/zukunft-des-marketings-buch\">https:\/\/www.mc-mainz-wiesbaden.de\/home\/zukunft-des-marketings-buch<\/a><\/p>\n<\/div><\/div>\n\n\n\n<hr class=\"wp-block-separator has-alpha-channel-opacity\"\/>\n\n\n\n<h2 class=\"wp-block-heading\">Just Released: MAD MEN. Art Edition<\/h2>\n\n\n\n<div class=\"wp-block-media-text alignwide is-stacked-on-mobile\" style=\"grid-template-columns:32% auto\"><figure class=\"wp-block-media-text__media\"><img loading=\"lazy\" decoding=\"async\" width=\"382\" height=\"273\" src=\"http:\/\/neueseite.sophisticated-knowledge.com\/wp-content\/uploads\/2023\/02\/Mad-Men.jpg\" alt=\"\" class=\"wp-image-292 size-full\" srcset=\"https:\/\/sophisticated-knowledge.com\/wp-content\/uploads\/2023\/02\/Mad-Men.jpg 382w, https:\/\/sophisticated-knowledge.com\/wp-content\/uploads\/2023\/02\/Mad-Men-300x214.jpg 300w\" sizes=\"auto, (max-width: 382px) 100vw, 382px\" \/><\/figure><div class=\"wp-block-media-text__content\">\n<p>Der Taschen Verlag feiert mit einer opulenten Ausgabe die amerikanische Fernsehserie Mad Men. Zitat Webseite des Taschen Verlags: &#8222;Dieses Buch ist TASCHENs Hommage an das Ereignis Mad Men. Band 1 zeichnet die sieben Staffeln der Serie anhand von chronologisch angeordneten Filmstills und Drehbuchausz\u00fcgen zu den Schl\u00fcsselszenen nach. Band 2 bietet eine F\u00fclle an Informationen aus der Welt hinter den Kulissen in Form von Fotos von den Dreharbeiten, Anekdoten rund um die Produktion, Kost\u00fcmentw\u00fcrfen, Notizen aus dem \u201eWriters\u2019 Room\u201c sowie ausf\u00fchrlichen Interviews mit dem Sch\u00f6pfer der Serie, Matthew Weiner,&#8220; und vielen anderen. Matthew Weiner.<\/p>\n\n\n\n<p>Wir feiern damit <a href=\"http:\/\/bencolarossi.com\/home.html\" target=\"_blank\" rel=\"noreferrer noopener\"><em><strong>Ben Colarossi<\/strong><\/em><\/a>, unseren &#8222;Mad Man&#8220; von <em>sophisticated knowledge<\/em>, der nach Aussage der New York Times der originale Mad Man von New York City ist.<\/p>\n\n\n\n<p>Mad Men. Art Edition A (Script Edition) Edition von 500 Exemplaren + 50 APs Matthew Weiner 2 leinengebundene Hardcover-B\u00e4nde im Schuber, 36 x 22,5 cm, 1.040 Seiten; die vollst\u00e4ndigen Mad-Men-Drehb\u00fccher der Staffeln 1-7 in 7 B\u00e4nden im Schuber, Halbleinen, 20,3 x 25,4 cm, 3.936 Seiten; signierter Print von Brian Sanders, 27,7 x 40 cm, Papiergr\u00f6\u00dfe 32 x 45 cm. ISBN 978-3-8365-3871-8 Ausgabe: Englisch &lt;<\/p>\n<\/div><\/div>\n\n\n\n<hr class=\"wp-block-separator has-alpha-channel-opacity\"\/>\n\n\n\n<p class=\"has-larger-font-size\"><strong>E-BOOK Review<\/strong>  \/  EBOOK on &#8222;Neuromarketing and the Superbowl by Felix Philipp Lutz<\/p>\n\n\n\n<p>Read the original text of review from website:<\/p>\n\n\n\n<p>&#8222;Last Sunday (2nd of February) took place the most important event brand in American sports history: <em><strong>Super Bowl.<\/strong><\/em> Exceeding 100 million American viewers and more than 200 worldwide, it promises a show consisting of a football game between two best teams, remarkable commercials, entertainment and a bond, as it makes people meet and spend time together. It is estimated that a third of Super Bowl viewers watch merely to see the commercials, so advertisers pay huge amounts of money for airtime during the game. This is why challenge is not just between the football teams, but also between the commercials of the biggest companies and the reactions they create.<\/p>\n\n\n\n<p>With this occasion, <strong>Dr. Felix Philipp Lutz<\/strong> shared with us insights on how to use Super Bowl event and ads as a template for our own marketing, providing neuroscience-based facts that support his statements. Presenting the neurobiological and neuroanthropological features of branding, his e-book <em><strong>Branding the Nation: Neuromarketing and the Super Bowl: the Great American Pow Wow<\/strong><\/em> includes many advices and explores in detail this event which has become a national roundtable. Lutz couples anthropological aspects of football with new neurobiological discoveries, relating our bodies\u2019 neurotransmitters to our beliefs and behaviors. The author helps render marketers successful in any and all brands as he explains the two most important elements of branding a product or service. \u201cFootball, with its very own history and mythology is an ideal example of how a neuro-anthropological approach works,\u201d says Lutz. His eBook considers human values, patterns of behavior and, most importantly, the composite histories, myths and stories of the sport or brand. After reading this practical guide, you will get more ideas on how you can build successful brands, so enjoy it!&#8220;<\/p>\n\n\n\n<p>Check out the review at:<\/p>\n\n\n\n<p><a href=\"http:\/\/neurorelay.com\/2014\/02\/05\/branding-nation-neuromarketing-super-bowl-book-review\/\">http:\/\/neurorelay.com\/2014\/02\/05\/branding-nation-neuromarketing-super-bowl-book-review\/<\/a><\/p>\n\n\n<div class=\"wp-block-image\">\n<figure class=\"aligncenter size-full\"><img loading=\"lazy\" decoding=\"async\" width=\"448\" height=\"214\" src=\"http:\/\/neueseite.sophisticated-knowledge.com\/wp-content\/uploads\/2023\/02\/Picture1.jpg\" alt=\"\" class=\"wp-image-288\" srcset=\"https:\/\/sophisticated-knowledge.com\/wp-content\/uploads\/2023\/02\/Picture1.jpg 448w, https:\/\/sophisticated-knowledge.com\/wp-content\/uploads\/2023\/02\/Picture1-300x143.jpg 300w\" sizes=\"auto, (max-width: 448px) 100vw, 448px\" \/><\/figure>\n<\/div>\n\n\n<hr class=\"wp-block-separator has-alpha-channel-opacity\"\/>\n\n\n\n<p class=\"has-larger-font-size\">EBOOK zum Thema &#8222;NEUROMARKETING AND THE SUPERBOWL. THE GREAT AMERICAN POW WOW&#8220;<\/p>\n\n\n\n<p>Autor: Dr. Felix Philipp Lutz, mit einem Vorwort von Ben Colarossi <\/p>\n\n\n\n<div class=\"wp-block-media-text alignwide is-stacked-on-mobile\" style=\"grid-template-columns:22% auto\"><figure class=\"wp-block-media-text__media\"><img loading=\"lazy\" decoding=\"async\" width=\"150\" height=\"210\" src=\"http:\/\/neueseite.sophisticated-knowledge.com\/wp-content\/uploads\/2023\/02\/Branding-the-Nation-Cover150x210.jpg\" alt=\"\" class=\"wp-image-286 size-full\"\/><\/figure><div class=\"wp-block-media-text__content\">\n<p>Die E-Book-Serie &#8222;BRANDIND THE NATION&#8220;  beschreibt mit dem Titel NEUROMARKETING AND THE SUPERBOWL: THE GREAT AMERICAN POW WOW  die Bedeutung des Superbowl f\u00fcr die amerikanische Kultur. Dabei wird die Rolle von Emotionen in der Werbung deutlich und die Wirkungsmacht und Reichweite der Werbung, die w\u00e4hrend der \u00dcbertragung des Spiels pr\u00e4sentiert wird. Die Industrie kreierte die besten, emotionalsten und aufwendigsten Werbespots f\u00fcr den Superbowl, obwohl die Sendezeiten dort am teuersten sind. Viele dieser Spots sind in bleibender Erinnerung, wie der Film von Budweiser nach den Anschl\u00e4gen 9\/11 im Februar 2002 (Pferde verneigen sich vor Ground Zero) oder der VW-Spot mit dem kleinen Darth Vader im Jahr 2011. <\/p>\n\n\n\n<p>Der legend\u00e4re &#8222;Mad Man&#8220; (Zitat New York Times) Ben Colarossi hat das Vorwort geschrieben.<\/p>\n<\/div><\/div>\n\n\n\n<p>Schreiben Sie uns eine Mail, wenn sie an dem Buch Interesse haben: info@sophisticated-knowledge.org<\/p>\n\n\n\n<p>Empfehlung bei Goodreads:<\/p>\n\n\n\n<p><a href=\"https:\/\/www.goodreads.com\/book\/show\/22647778-branding-the-nation\">https:\/\/www.goodreads.com\/book\/show\/22647778-branding-the-nation<\/a><\/p>\n\n\n\n<hr class=\"wp-block-separator has-css-opacity\"\/>\n","protected":false},"excerpt":{"rendered":"<p>Felix Philipp Lutz: The G\u00f6tterd\u00e4mmerung of the Nation Brand: German Identity After 30 Years of Unification. Neue Ver\u00f6ffentlichung zum Thema Marke, Aufsatz im Sammelband: &#8222;The Legacy and Impact of German Unification. The Elusive Dream of Flourishing Landscapes.&#8220; Hrsg.: John Robertson (Texas A&amp;M) &amp; Michael Oswald (University of Passau\/Free University of Berlin), Verlag Palgrave Macmillan, 2022, [&hellip;]<\/p>\n","protected":false},"author":1,"featured_media":0,"parent":0,"menu_order":0,"comment_status":"closed","ping_status":"closed","template":"","meta":{"footnotes":""},"class_list":["post-153","page","type-page","status-publish","hentry"],"_links":{"self":[{"href":"https:\/\/sophisticated-knowledge.com\/index.php?rest_route=\/wp\/v2\/pages\/153","targetHints":{"allow":["GET"]}}],"collection":[{"href":"https:\/\/sophisticated-knowledge.com\/index.php?rest_route=\/wp\/v2\/pages"}],"about":[{"href":"https:\/\/sophisticated-knowledge.com\/index.php?rest_route=\/wp\/v2\/types\/page"}],"author":[{"embeddable":true,"href":"https:\/\/sophisticated-knowledge.com\/index.php?rest_route=\/wp\/v2\/users\/1"}],"replies":[{"embeddable":true,"href":"https:\/\/sophisticated-knowledge.com\/index.php?rest_route=%2Fwp%2Fv2%2Fcomments&post=153"}],"version-history":[{"count":24,"href":"https:\/\/sophisticated-knowledge.com\/index.php?rest_route=\/wp\/v2\/pages\/153\/revisions"}],"predecessor-version":[{"id":680,"href":"https:\/\/sophisticated-knowledge.com\/index.php?rest_route=\/wp\/v2\/pages\/153\/revisions\/680"}],"wp:attachment":[{"href":"https:\/\/sophisticated-knowledge.com\/index.php?rest_route=%2Fwp%2Fv2%2Fmedia&parent=153"}],"curies":[{"name":"wp","href":"https:\/\/api.w.org\/{rel}","templated":true}]}}