{"id":336,"date":"2023-03-02T15:57:22","date_gmt":"2023-03-02T15:57:22","guid":{"rendered":"http:\/\/neueseite.sophisticated-knowledge.com\/?page_id=336"},"modified":"2025-03-08T10:58:55","modified_gmt":"2025-03-08T10:58:55","slug":"blog","status":"publish","type":"page","link":"https:\/\/sophisticated-knowledge.com\/?page_id=336","title":{"rendered":"BLOG"},"content":{"rendered":"\n<p class=\"has-larger-font-size\">About this Blog<\/p>\n\n\n\n<p>This blog is all about EMOTIONS, SEMANTICS and LANGUAGE. This means that there will be short articles and pieces or even only quotations about everything interesting &#8211; both generally speaking and concerning different science disciplines &#8211; which are both entertaining and relevant for marketing and communications. Our passion is to bridge the gap between science and its wide range of applications and stories.  <\/p>\n\n\n\n<hr class=\"wp-block-separator has-alpha-channel-opacity\"\/>\n\n\n\n<h2 class=\"wp-block-heading\"><strong><em>The Importance of the Semblance of Truth in Storytelling<\/em><\/strong><\/h2>\n\n\n\n<div class=\"wp-block-group\"><div class=\"wp-block-group__inner-container is-layout-constrained wp-block-group-is-layout-constrained\">\n<p><a href=\"https:\/\/storyrepair.com\/about\/\" target=\"_blank\" rel=\"noreferrer noopener\">Will Csaklos<\/a>, Former Senior Creative Exec Dir Pixar, Screenwriter, Story Consultant, Script Doctor, Creative Development:<\/p>\n\n\n\n<p>&#8222;The primary downfall of many film stories is the lack of verisimilitude\u2014 the semblance of truth. It\u2019s what gives us a reason to care about the characters and their story.<br>Verisimilitude in movies takes two forms: <strong><mark style=\"background-color:rgba(0, 0, 0, 0)\" class=\"has-inline-color has-black-color\">Story logic and emotional truth.<\/mark><\/strong><br>When I headed the development department at Pixar years ago, I spoke at a conference after&nbsp;Finding Nemo&nbsp;was released.&nbsp;After my talk, a young woman approached me to share how much the film meant to her. She was from San Diego and had grown up by the ocean\u2014her life experience mirrored the fictional world of&nbsp;Nemo.&nbsp;She told me she loved everything about&nbsp;Finding Nemo.&nbsp;&nbsp;\u201cIt was fantastic!\u201d she blurted. \u201cBut real!\u201d<br>Fantastic but real.&nbsp;&nbsp;This is the essence of successful storytelling.<br>In great films, we care about fictional characters and what becomes of them because they are grounded in emotional truth. In&nbsp;Finding Nemo, we never question Marlin\u2019s desire to shelter his son, nor do we doubt Nemo\u2019s yearning for independence. These motivations are emotionally true. Great storytellers make us care deeply, feel deeply, make us laugh and feel saddened to tears because of the truth of their portrayals. It\u2019s why we can be happily transported and transfixed by the plight of childhood toys and talking fish.&#8220;<\/p>\n<\/div><\/div>\n\n\n\n<hr class=\"wp-block-separator has-alpha-channel-opacity is-style-wide\"\/>\n\n\n\n<p class=\"has-larger-font-size\"><strong>Book Review<\/strong>: <em>Confessions of 2 Dinosaurs<\/em>, von Thomas Andersen und Sal Hattea<\/p>\n\n\n\n<div class=\"wp-block-columns is-layout-flex wp-container-core-columns-is-layout-9d6595d7 wp-block-columns-is-layout-flex\">\n<div class=\"wp-block-column is-vertically-aligned-top is-layout-flow wp-block-column-is-layout-flow\" style=\"flex-basis:100%\">\n<p><b><span style=\"font-size:12.0pt;mso-ansi-language:\nDE\" lang=\"DE\">In diesem von Storytelling und Academia reichen Buch erz\u00e4hlen 2  alte Haudegen aus Marketing und Vertrieb, wie es ihnen w\u00e4hrend ihrer langen Karrieren in ihren jeweiligen Positionen und Firmen ergangen ist und was Young Professionals daraus lernen k\u00f6nnen. Das entbehrt nicht einer gewissen Larmoyanz und Wiederholung, ist insgesamt aber ein gelungener Fingerzeig f\u00fcr nachr\u00fcckende F\u00fchrungspersonen, wie sie sich durch den \u201ecorporate jungle\u201c durchrobben k\u00f6nnten, um erfolgreich zu sein. Im zweiten Teil werden Kapitel zu Hiring, Leadership, Marketing, Positioning, Consulting oder der Blue Ocean Strategie angef\u00fcgt, die als Basis f\u00fcr beide Autoren dienten. Erg\u00e4nzt wird das Buch durch eine Abk\u00fcrzungs- und eine Literaturliste zur Vertiefung. Insgesamt ein kurzweiliger und informativer Lesespa\u00df. Das Buch ist erschienen im Eigenverlag und erh\u00e4ltlich im Buchhandel und bei Amazon.<\/span><\/b> <\/p>\n<\/div>\n<\/div>\n\n\n<div class=\"wp-block-image\">\n<figure class=\"aligncenter size-full is-resized\"><img loading=\"lazy\" decoding=\"async\" width=\"369\" height=\"506\" src=\"https:\/\/sophisticated-knowledge.com\/wp-content\/uploads\/2024\/05\/Buchrezension-T-Andersen-2.png\" alt=\"\" class=\"wp-image-691\" style=\"width:213px;height:auto\" srcset=\"https:\/\/sophisticated-knowledge.com\/wp-content\/uploads\/2024\/05\/Buchrezension-T-Andersen-2.png 369w, https:\/\/sophisticated-knowledge.com\/wp-content\/uploads\/2024\/05\/Buchrezension-T-Andersen-2-219x300.png 219w\" sizes=\"auto, (max-width: 369px) 100vw, 369px\" \/><\/figure>\n<\/div>\n\n\n<hr class=\"wp-block-separator has-alpha-channel-opacity is-style-wide\"\/>\n\n\n\n<div class=\"wp-block-media-text alignwide is-stacked-on-mobile\" style=\"grid-template-columns:26% auto\"><figure class=\"wp-block-media-text__media\"><img loading=\"lazy\" decoding=\"async\" width=\"700\" height=\"569\" src=\"http:\/\/neueseite.sophisticated-knowledge.com\/wp-content\/uploads\/2023\/02\/Neurosem-Karte-.png\" alt=\"\" class=\"wp-image-488 size-full\" srcset=\"https:\/\/sophisticated-knowledge.com\/wp-content\/uploads\/2023\/02\/Neurosem-Karte-.png 700w, https:\/\/sophisticated-knowledge.com\/wp-content\/uploads\/2023\/02\/Neurosem-Karte--300x244.png 300w, https:\/\/sophisticated-knowledge.com\/wp-content\/uploads\/2023\/02\/Neurosem-Karte--508x413.png 508w\" sizes=\"auto, (max-width: 700px) 100vw, 700px\" \/><\/figure><div class=\"wp-block-media-text__content\">\n<h2 class=\"wp-block-heading\">Der aktuelle Hype um K\u00fcnstliche Intelligenz<\/h2>\n\n\n\n<p>Der aktuelle Hype um die Einsetzbarkeit und Leistungsf\u00e4higkeit von K\u00fcnstlicher Intelligenz mit Programmen wie Claude, Chat GPT, Mindverse oder Google Gemini zeigt die derzeitigen Potenziale von k\u00fcnstlicher \u201eIntelligenz\u201c, aber auch ihre Grenzen. Zun\u00e4chst gilt noch immer: Software ist nicht intelligent, sondern programmiert. Software ist ein teilweise offener Ablauf von Programmen, der versucht, menschliche Intelligenz zu kopieren oder zu simulieren und dabei spezifische Rechen- und Kombinationsleistungen erbringt. Die sind z.T. sehr beeindruckend. Aber auch limitiert (fachlich, thematisch, kontextuell uvm.). <a href=\"https:\/\/www.saxelab.org\/\" target=\"_blank\" rel=\"noreferrer noopener\">Andrew Saxe (University College London)<\/a> sagte am <a href=\"https:\/\/www.mit.edu\/visitmit\/\" target=\"_blank\" rel=\"noreferrer noopener\">Massachusetts Institute of Technology <\/a>in Cambridge k\u00fcrzlich dazu: \u201c\u2026.we really don\u00b4t understand deep networks fully yet\u2026\u201d Saxe hielt im Juli 2024 einen Vortrag im Rahmen der Konferenz &#8222;Cognitive Computational Neuroscience&#8220; in Boston am MIT, wo Experten aus verschiedenen Fachbereichen \u00fcber ihre Arbeit an neuronalen Netzwerken, deep learning u.\u00e4. Themen berichteten.<\/p>\n\n\n\n<p>Keine Software, keine sogenannte k\u00fcnstliche \u201eIntelligenz\u201c kann \u00fcber den der Software gesetzten bzw. definierten Rahmen hinaus Informationen sammeln. Dazu fehlt dem jeweiligen Programm die Technik, die Methodik und die notwendige Erkenntnisf\u00e4higkeit. Keine Sprachsoftware kann Kontext und situative Elemente erkennen oder interpretieren, weil sie kein Instrumentarium und keine Daten dazu hat. Keine Software kann wissenschaftliche Revolutionen oder Paradigmenwechsel einl\u00e4uten, ihre Methodik \u00e4ndern oder auf (technische, soziale, kulturelle, etc.) Revolutionen reagieren. Und jede Software ist extrem manipulationsanf\u00e4llig.<\/p>\n\n\n\n<p>Was bedeutet das f\u00fcr die Arbeit mit dem Thema Sprache und Emotionen? Ganz einfach: Die Arbeit im Sinne von Datenerhebung, -auswertung, Analyse und Interpretation ist nach wie vor harte analytische, hermeneutische, heuristische und statistische Arbeit, die von Menschen gemacht werden muss. Der Einsatz von AI-Programmen kann viele Arbeiten und Aufgaben extrem erleichtern &#8211; aber nur f\u00fcr den, der damit umgehen kann und ein Experte in seinem Fachgebiet ist. KI sollte von Mitarbeitern mit viel Fachwissen kontrolliert werden, weil sonst Unsinn und Unwahrheiten in Berichten landen. Die Software produziert Wahrscheinlichkeiten, keine Gewissheiten. Die gr\u00f6\u00dfte Gefahr bei der Nutzung von KI? Dass Informationen bspw. im Marketing in Zielgruppenmodellen Eingang finden, die die Software \/KI erfunden hat. Daher sind wir bei <strong><em>sophisticated knowledge<\/em><\/strong> \u00fcberzeugt davon, dass unsere Arbeit und unser Modell noch lange gebraucht werden.<\/p>\n<\/div><\/div>\n\n\n\n<hr class=\"wp-block-separator has-alpha-channel-opacity\"\/>\n\n\n\n<p><\/p>\n\n\n\n<h2 class=\"wp-block-heading\">Podcast with Noam Chomsky<\/h2>\n\n\n\n<p><strong>Generative linguistics and the neural basis of language, with Noam Chomsky<br>July 19, 2022<\/strong><\/p>\n\n\n\n<p>Stephen M. Wilson talks with Noam Chomsky, Institute Professor and Emeritus Professor of Linguistics at MIT and Laureate Professor of Linguistics at the University of Arizona. After starting with a discussion of the early development of Chomsky\u2019s key ideas, the conversation is centered on the relationship between generative linguistics and the neuroscience of language. <\/p>\n\n\n\n<p><a href=\"https:\/\/langneurosci.org\/podcast\/\" data-type=\"URL\" data-id=\"https:\/\/langneurosci.org\/podcast\/\">https:\/\/langneurosci.org\/podcast\/<\/a><\/p>\n\n\n\n<p><\/p>\n\n\n\n<hr class=\"wp-block-separator has-alpha-channel-opacity\"\/>\n\n\n\n<div class=\"wp-block-media-text alignwide has-media-on-the-right is-stacked-on-mobile\" style=\"grid-template-columns:auto 31%\"><div class=\"wp-block-media-text__content\">\n<h1 class=\"wp-block-heading\">WORDS MATTER !<\/h1>\n\n\n\n<h3 class=\"wp-block-heading\">\u201cThese events remind us, that words matter!\u201d<\/h3>\n\n\n\n<p>Quote from U.S. Senate Chaplain Barry Black in his prayer in the morning of January 7, 2021 after U.S. Congress confirmed the victory of Joe Biden in the 46th presidential election of the United States of America. Before Black\u00b4s Prayer, a mob of far-right rioters, incited by Donald Trump, many armed, stormed the U.S. Capitol while lawmakers were counting the Electoral College votes in the final step before Biden\u2019s inauguration, resulting in four deaths and a lengthy delay of the certification process. Since early December, Trump had called upon his followers to prepare for a big event on January 6th 2021 in Washington D.C.. That day, he held an inciting speech urging demonstrators to go to Capitol Hill while the electoral votes-counting process would be carried out by Congress. Participants in the event eventually turned into rioters and insurgents when they stormed Capitol Hill and intimidated lawmakers and ravaged offices.<\/p>\n\n\n\n<p>The great power of language stirring emotions and actions has been demonstrated yet another time with these tragic events.<\/p>\n<\/div><figure class=\"wp-block-media-text__media\"><img loading=\"lazy\" decoding=\"async\" width=\"448\" height=\"287\" src=\"http:\/\/neueseite.sophisticated-knowledge.com\/wp-content\/uploads\/2023\/02\/NYT-7-JAN-2021-klein.jpg\" alt=\"\" class=\"wp-image-339 size-full\" srcset=\"https:\/\/sophisticated-knowledge.com\/wp-content\/uploads\/2023\/02\/NYT-7-JAN-2021-klein.jpg 448w, https:\/\/sophisticated-knowledge.com\/wp-content\/uploads\/2023\/02\/NYT-7-JAN-2021-klein-300x192.jpg 300w\" sizes=\"auto, (max-width: 448px) 100vw, 448px\" \/><\/figure><\/div>\n\n\n\n<hr class=\"wp-block-separator has-alpha-channel-opacity\"\/>\n\n\n\n<div class=\"wp-block-media-text alignwide has-media-on-the-right is-stacked-on-mobile is-vertically-aligned-center\" style=\"grid-template-columns:auto 31%\"><div class=\"wp-block-media-text__content\">\n<p class=\"has-larger-font-size\"><strong>NEWS from the MOVIES<\/strong><\/p>\n\n\n\n<p>15. November 2015: Pixar Animation Studios neuester Film INSIDE OUT hat gerade die Einspielh\u00f6he von 850 Mio US-$ \u00fcberschritten.<\/p>\n\n\n\n<p>INSIDE OUT entf\u00fchrt den Betrachter in die Gef\u00fchlswelt des elfj\u00e4hrigen M\u00e4dchens Riley, das mit seinen f\u00fcnf Emotionen Joy, Fear, Sadness, Anger und Disgust den amerikanischen Alltag und den Umzug der Familie nach San Francisco bestehen muss. Riley, zusammen mit Nemo (Fisch), Remy (Ratte), Mike Wazowski (Monster) und anderen Charakteren sind animierte Figuren aus unterschiedlichen Filmen von Pixar, der weltweit erfolgreichsten Produktionsfirma von Trickfilmen. Pixar hat f\u00fcr die Entwicklung der Ideen Psychologen und Neurowissenschaftler befragt und einmal mehr haben Fantasie und Intuition die Kreativen von Pixar zu einem wahrhaft m\u00e4rchenhaften und wunderbaren Abenteuer inspiriert. Die witzigen Filmideen \u00fcber das Gehirn haben zwar mit der Realit\u00e4t wenig zu tun, zeigen aber eindrucksvoll die Bedeutung von Emotionen im Alltag.<\/p>\n\n\n\n<p>Wenn es um Gef\u00fchle geht, sind wir Experten. <em><strong>sophisticated knowledge<\/strong><\/em> besch\u00e4ftigt sich seit vielen Jahren mit dem Thema Emotionen und besonders mit der Frage, wie Sprache und Emotionen zusammenh\u00e4ngen und f\u00fcr unser Verhalten verantwortlich sind. Dieses Wissen setzen wir erfolgreich mit unseren Kunden in Kommunikation und Marketing um. Unser Director f\u00fcr Story Development <a href=\"https:\/\/storyrepair.com\/about\/\"><em><strong>Will Csaklos<\/strong><\/em> <\/a>hat an vielen Filmen von Pixar mitgearbeitet. Er war Senior Creative Executive and Story Consultant bei <a href=\"http:\/\/www.pixar.com\/\" target=\"_blank\" rel=\"noreferrer noopener\">Pixar Animation Studios<\/a> wo er an der Entwicklung der Filmgeschichten von legend\u00e4ren Erfolgen wie <a href=\"http:\/\/www.pixar.com\/features_films\/FINDING-NEMO\" target=\"_blank\" rel=\"noreferrer noopener\">Finding Nemo<\/a>, <a href=\"http:\/\/www.pixar.com\/features_films\/MONSTERS%2C-INCs\" target=\"_blank\" rel=\"noreferrer noopener\">Monsters, Inc.<\/a>, <a href=\"http:\/\/www.pixar.com\/features_films\/RATATOUILLE\" target=\"_blank\" rel=\"noreferrer noopener\">Ratatouille<\/a> und <a href=\"http:\/\/www.pixar.com\/features_films\/CARS\" target=\"_blank\" rel=\"noreferrer noopener\">Cars<\/a> beteiligt war. Zu Will\u2019s Klienten geh\u00f6ren auch Ogilvy Paris, <a href=\"http:\/\/www.disneyanimation.com\/\" target=\"_blank\" rel=\"noreferrer noopener\">Walt Disney Animation Studios<\/a> und Sony Pictures Animation.<\/p>\n\n\n\n<p>Zur Arbeit von Pixar ist \u00fcbrigens ein umfangreicher Artikel in der S\u00fcddeutschen Zeitung vom 4.\/5. September 2015 erschienen: <a rel=\"noreferrer noopener\" href=\"http:\/\/www.sueddeutsche.de\/politik\/pixar-studios-love-story-1.2634416\" target=\"_blank\">www.sueddeutsche.de\/politik\/pixar-studios-love-story-1.2634416<\/a><\/p>\n<\/div><figure class=\"wp-block-media-text__media\"><img loading=\"lazy\" decoding=\"async\" width=\"377\" height=\"336\" src=\"http:\/\/neueseite.sophisticated-knowledge.com\/wp-content\/uploads\/2023\/02\/inside-out-deutsch-small.jpg\" alt=\"\" class=\"wp-image-338 size-full\" srcset=\"https:\/\/sophisticated-knowledge.com\/wp-content\/uploads\/2023\/02\/inside-out-deutsch-small.jpg 377w, https:\/\/sophisticated-knowledge.com\/wp-content\/uploads\/2023\/02\/inside-out-deutsch-small-300x267.jpg 300w\" sizes=\"auto, (max-width: 377px) 100vw, 377px\" \/><\/figure><\/div>\n\n\n\n<hr class=\"wp-block-separator has-alpha-channel-opacity\"\/>\n","protected":false},"excerpt":{"rendered":"<p>About this Blog This blog is all about EMOTIONS, SEMANTICS and LANGUAGE. This means that there will be short articles and pieces or even only quotations about everything interesting &#8211; both generally speaking and concerning different science disciplines &#8211; which are both entertaining and relevant for marketing and communications. Our passion is to bridge the [&hellip;]<\/p>\n","protected":false},"author":1,"featured_media":0,"parent":0,"menu_order":0,"comment_status":"closed","ping_status":"closed","template":"","meta":{"footnotes":""},"class_list":["post-336","page","type-page","status-publish","hentry"],"_links":{"self":[{"href":"https:\/\/sophisticated-knowledge.com\/index.php?rest_route=\/wp\/v2\/pages\/336","targetHints":{"allow":["GET"]}}],"collection":[{"href":"https:\/\/sophisticated-knowledge.com\/index.php?rest_route=\/wp\/v2\/pages"}],"about":[{"href":"https:\/\/sophisticated-knowledge.com\/index.php?rest_route=\/wp\/v2\/types\/page"}],"author":[{"embeddable":true,"href":"https:\/\/sophisticated-knowledge.com\/index.php?rest_route=\/wp\/v2\/users\/1"}],"replies":[{"embeddable":true,"href":"https:\/\/sophisticated-knowledge.com\/index.php?rest_route=%2Fwp%2Fv2%2Fcomments&post=336"}],"version-history":[{"count":28,"href":"https:\/\/sophisticated-knowledge.com\/index.php?rest_route=\/wp\/v2\/pages\/336\/revisions"}],"predecessor-version":[{"id":762,"href":"https:\/\/sophisticated-knowledge.com\/index.php?rest_route=\/wp\/v2\/pages\/336\/revisions\/762"}],"wp:attachment":[{"href":"https:\/\/sophisticated-knowledge.com\/index.php?rest_route=%2Fwp%2Fv2%2Fmedia&parent=336"}],"curies":[{"name":"wp","href":"https:\/\/api.w.org\/{rel}","templated":true}]}}