{"id":370,"date":"2023-02-15T19:55:43","date_gmt":"2023-02-15T19:55:43","guid":{"rendered":"http:\/\/neueseite.sophisticated-knowledge.com\/?page_id=370"},"modified":"2025-10-17T21:30:52","modified_gmt":"2025-10-17T21:30:52","slug":"so-soll-die-startseite-aussehen","status":"publish","type":"page","link":"https:\/\/sophisticated-knowledge.com\/","title":{"rendered":""},"content":{"rendered":"\n<figure class=\"wp-block-gallery aligncenter has-nested-images columns-default is-cropped wp-block-gallery-1 is-layout-flex wp-block-gallery-is-layout-flex\">\n<figure class=\"wp-block-image size-full\"><img loading=\"lazy\" decoding=\"async\" width=\"450\" height=\"338\" data-id=\"453\" src=\"https:\/\/sophisticated-knowledge.com\/wp-content\/uploads\/2023\/02\/Sophy-GIF-Animation-endlos-v3.gif\" alt=\"\" class=\"wp-image-453\"\/><\/figure>\n<\/figure>\n\n\n\n<figure class=\"wp-block-gallery aligncenter has-nested-images columns-default is-cropped wp-block-gallery-2 is-layout-flex wp-block-gallery-is-layout-flex\">\n<figure class=\"wp-block-image size-full\"><img loading=\"lazy\" decoding=\"async\" width=\"778\" height=\"155\" data-id=\"271\" src=\"https:\/\/sophisticated-knowledge.com\/wp-content\/uploads\/2023\/02\/SophisticatedKnowlege-Schriftzug-freistehend.png\" alt=\"\" class=\"wp-image-271\" srcset=\"https:\/\/sophisticated-knowledge.com\/wp-content\/uploads\/2023\/02\/SophisticatedKnowlege-Schriftzug-freistehend.png 778w, https:\/\/sophisticated-knowledge.com\/wp-content\/uploads\/2023\/02\/SophisticatedKnowlege-Schriftzug-freistehend-300x60.png 300w, https:\/\/sophisticated-knowledge.com\/wp-content\/uploads\/2023\/02\/SophisticatedKnowlege-Schriftzug-freistehend-768x153.png 768w, https:\/\/sophisticated-knowledge.com\/wp-content\/uploads\/2023\/02\/SophisticatedKnowlege-Schriftzug-freistehend-508x101.png 508w\" sizes=\"auto, (max-width: 778px) 100vw, 778px\" \/><\/figure>\n<\/figure>\n\n\n\n<div class=\"wp-block-cover alignwide is-light\" style=\"min-height:1877px;aspect-ratio:unset;\"><span aria-hidden=\"true\" class=\"wp-block-cover__background has-background-dim-90 has-background-dim\"><\/span><div class=\"wp-block-cover__inner-container is-layout-flow wp-block-cover-is-layout-flow\">\n<div class=\"wp-block-columns is-layout-flex wp-container-core-columns-is-layout-9d6595d7 wp-block-columns-is-layout-flex\">\n<div class=\"wp-block-column is-layout-flow wp-block-column-is-layout-flow\">\n<p class=\"has-text-align-center has-white-color has-text-color has-larger-font-size\">&#8222;<em>Rationalit\u00e4t ist nur das mehr oder weniger erfolgreiche Management von Emotionen.&#8220;<\/em><\/p>\n\n\n\n<p class=\"has-white-color has-text-color has-large-font-size\"><em><strong>sophisticated knowledge<\/strong><\/em> wurde am Cambridge Innovation Centre in Boston gegr\u00fcndet und ist eine Beratungs- und Trainingsfirma an der Schnittstelle angewandter Neurowissenschaften und Marketing.<\/p>\n<\/div>\n<\/div>\n\n\n\n<div class=\"wp-block-columns alignwide is-layout-flex wp-container-core-columns-is-layout-9d6595d7 wp-block-columns-is-layout-flex\">\n<div class=\"wp-block-column is-vertically-aligned-top has-text-color has-background has-link-color wp-elements-c237a7327ef0616eab302c94a3d1fa55 is-layout-flow wp-block-column-is-layout-flow\" style=\"color:#000000;background-color:#0072a3;padding-top:2em;padding-right:2em;padding-bottom:2em;padding-left:2em\">\n<h2 class=\"wp-block-heading has-text-align-center\" id=\"single\" style=\"font-size:20px\"><strong>BRANDING<\/strong><\/h2>\n\n\n\n<p class=\"has-normal-font-size\" style=\"line-height:1.5\"><strong>Neuro-Anthropologisches BRANDING<\/strong> <\/p>\n\n\n\n<hr class=\"wp-block-separator has-text-color has-css-opacity has-background is-style-wide\" style=\"background-color:#000000;color:#000000\"\/>\n\n\n\n<p class=\"has-normal-font-size\">Wir betrachten die Geschichte und die Anwendungen von Marken und Produkten und stellen sie neben die physiologischen und psychologischen Bed\u00fcrfnisse der Kunden. Daraus entsteht ein einzigartiger Marketingansatz, der f\u00fcr jedes Produkt neue Optionen in Werbung und Kommunikation zeigt.  Eine neue Welt er\u00f6ffnet sich aus einer Vielfalt von uralten Symbolen, Geschichten und Bildern.<\/p>\n\n\n\n<div class=\"wp-block-buttons alignfull is-horizontal is-content-justification-center is-layout-flex wp-container-core-buttons-is-layout-499968f5 wp-block-buttons-is-layout-flex\">\n<div class=\"wp-block-button has-custom-width wp-block-button__width-100\"><a class=\"wp-block-button__link has-white-color has-text-color has-background no-border-radius wp-element-button\" href=\"https:\/\/sophisticated-knowledge.com\/?page_id=14\" style=\"background-color:#000000\">Mehr dazu<\/a><\/div>\n<\/div>\n\n\n\n<p><\/p>\n\n\n\n<p><\/p>\n<\/div>\n\n\n\n<div class=\"wp-block-column has-text-color has-background has-link-color wp-elements-22aa586a6dca91bdaf6051de682f121f is-layout-flow wp-block-column-is-layout-flow\" style=\"color:#000000;background-color:#689e8f;padding-top:2em;padding-right:2em;padding-bottom:2em;padding-left:2em\">\n<h2 class=\"wp-block-heading has-text-align-center\" id=\"family\" style=\"font-size:20px\"><strong>NEUROMARKETING<\/strong><\/h2>\n\n\n\n<p class=\"has-normal-font-size\" style=\"line-height:1.5\"><strong>Sprache, Emotionen und folgende Handlungen <\/strong><\/p>\n\n\n\n<hr class=\"wp-block-separator has-css-opacity is-style-wide\"\/>\n\n\n\n<p class=\"has-text-align-center has-normal-font-size\">Unser neurosemantisches Sprachtool   <\/p>\n\n\n\n<p class=\"has-text-align-center has-normal-font-size\">    <strong><em>`LanguageWIZZard\u00b4<\/em><\/strong> <\/p>\n\n\n\n<p class=\"has-text-align-center has-normal-font-size\">erkennt und kategorisiert Emotionen in der Sprache und in Texten und liefert zielgruppengenaue Sprache. Damit werden K\u00e4ufer emotional adressiert, denn es gilt: Emotionen entscheiden (beim Kauf) und alle Handlungen sind emotional! <\/p>\n\n\n\n<div class=\"wp-block-buttons alignfull is-horizontal is-content-justification-center is-layout-flex wp-container-core-buttons-is-layout-499968f5 wp-block-buttons-is-layout-flex\">\n<div class=\"wp-block-button has-custom-width wp-block-button__width-100 is-style-fill\"><a class=\"wp-block-button__link has-white-color has-text-color has-background no-border-radius wp-element-button\" href=\"https:\/\/sophisticated-knowledge.com\/?page_id=14\" style=\"background-color:#000000\">Mehr dazu<\/a><\/div>\n<\/div>\n<\/div>\n\n\n\n<div class=\"wp-block-column has-text-color has-background has-link-color wp-elements-51846b9deb5415f2f5ef35e8a3de436e is-layout-flow wp-block-column-is-layout-flow\" style=\"color:#000000;background-color:#c0ebf1;padding-top:2em;padding-right:2em;padding-bottom:2em;padding-left:2em\">\n<h2 class=\"wp-block-heading has-text-align-center\" id=\"family\" style=\"font-size:20px\"><strong>AKADEMIE<\/strong><\/h2>\n\n\n\n<p class=\"has-normal-font-size\" style=\"line-height:1.5\"><strong>Seminare, Kurse und Training sowohl vor Ort als auch ONLINE  <\/strong><\/p>\n\n\n\n<hr class=\"wp-block-separator has-css-opacity is-style-wide\"\/>\n\n\n\n<p class=\"has-normal-font-size\">Wir forschen und beraten nicht nur, sondern bieten unser Wissen auch unseren Kunden an. In Trainings, Seminaren und auch pers\u00f6nlichen Coachings lehren und trainieren wir in den Gebieten Sales, Neuromarketing, Branding, Pr\u00e4sentation und emotionaler Kommunikation. <br><br><br><\/p>\n\n\n\n<div class=\"wp-block-buttons alignfull is-horizontal is-content-justification-center is-layout-flex wp-container-core-buttons-is-layout-499968f5 wp-block-buttons-is-layout-flex\">\n<div class=\"wp-block-button has-custom-width wp-block-button__width-100\"><a class=\"wp-block-button__link has-white-color has-text-color has-background no-border-radius wp-element-button\" href=\"https:\/\/sophisticated-knowledge.com\/?page_id=189\" style=\"background-color:#000000\">Mehr dazu<\/a><\/div>\n<\/div>\n<\/div>\n<\/div>\n\n\n<div class=\"wp-block-image\">\n<figure class=\"aligncenter size-full is-resized\"><img loading=\"lazy\" decoding=\"async\" width=\"700\" height=\"569\" src=\"http:\/\/neueseite.sophisticated-knowledge.com\/wp-content\/uploads\/2023\/02\/Neurosem-Karte-.png\" alt=\"\" class=\"wp-image-488\" style=\"width:466px;height:378px\" srcset=\"https:\/\/sophisticated-knowledge.com\/wp-content\/uploads\/2023\/02\/Neurosem-Karte-.png 700w, https:\/\/sophisticated-knowledge.com\/wp-content\/uploads\/2023\/02\/Neurosem-Karte--300x244.png 300w, https:\/\/sophisticated-knowledge.com\/wp-content\/uploads\/2023\/02\/Neurosem-Karte--508x413.png 508w\" sizes=\"auto, (max-width: 700px) 100vw, 700px\" \/><\/figure>\n<\/div>\n\n\n<p class=\"has-white-color has-text-color has-normal-font-size\">Die neurosemantische Karte (Englisch und Deutsch) ist ein einzigartiges und effektives Instrument f\u00fcr Kommunikation und Werbung. Sie zeigt die emotional basierten Sprach-Welten der Konsumenten in Deutschland und den Vereinigten Staaten von Amerika sowie die dahinter liegenden Zielgruppen.<\/p>\n\n\n\n<p class=\"has-white-color has-text-color has-normal-font-size\">Emotionen sind der wichtigste Ausdruck von menschlichen Stimmungen und sind handlungsentscheidende Grundlagen f\u00fcr viele Alltagssituationen. Egal ob Menschen Einkaufen gehen, im B\u00fcro Verhandlungen f\u00fchren oder in der Politik Reden halten, Emotionen sind immer grundlegend verantwortlich f\u00fcr alle unsere Entscheidungen und f\u00fcr unsere Kommunikation und Sprache.  <\/p>\n\n\n\n<p class=\"has-white-color has-text-color has-normal-font-size\">sophisticated knowledge arbeitet an der neurobiologischen Verbindung von Sprache, Emotionen und Verhalten, um Werte und Einstellungen besser erkl\u00e4ren zu k\u00f6nnen. Wir visualisieren Sprache und Symbole&nbsp; in der Kommunikation und geben damit allen, die in Unternehmen, Verb\u00e4nden oder in der Politik t\u00e4tig sind ein praxistaugliches Werkzeug an die Hand.  <\/p>\n\n\n\n<p><\/p>\n<\/div><\/div>\n\n\n<div class=\"wp-block-image\">\n<figure class=\"aligncenter size-full is-resized\"><img loading=\"lazy\" decoding=\"async\" width=\"1015\" height=\"320\" src=\"http:\/\/neueseite.sophisticated-knowledge.com\/wp-content\/uploads\/2023\/02\/Verwandlung-LOGO.png\" alt=\"\" class=\"wp-image-475\" style=\"aspect-ratio:3.2074074074074073;width:516px;height:auto\" srcset=\"https:\/\/sophisticated-knowledge.com\/wp-content\/uploads\/2023\/02\/Verwandlung-LOGO.png 1015w, https:\/\/sophisticated-knowledge.com\/wp-content\/uploads\/2023\/02\/Verwandlung-LOGO-300x95.png 300w, https:\/\/sophisticated-knowledge.com\/wp-content\/uploads\/2023\/02\/Verwandlung-LOGO-768x242.png 768w, https:\/\/sophisticated-knowledge.com\/wp-content\/uploads\/2023\/02\/Verwandlung-LOGO-508x160.png 508w\" sizes=\"auto, (max-width: 1015px) 100vw, 1015px\" \/><\/figure>\n<\/div>\n\n<div class=\"wp-block-image\">\n<figure class=\"aligncenter size-full is-resized\"><img loading=\"lazy\" decoding=\"async\" width=\"778\" height=\"155\" src=\"http:\/\/neueseite.sophisticated-knowledge.com\/wp-content\/uploads\/2023\/02\/SophisticatedKnowlege-Schriftzug-freistehend.png\" alt=\"\" class=\"wp-image-271\" style=\"width:445px;height:89px\" srcset=\"https:\/\/sophisticated-knowledge.com\/wp-content\/uploads\/2023\/02\/SophisticatedKnowlege-Schriftzug-freistehend.png 778w, https:\/\/sophisticated-knowledge.com\/wp-content\/uploads\/2023\/02\/SophisticatedKnowlege-Schriftzug-freistehend-300x60.png 300w, https:\/\/sophisticated-knowledge.com\/wp-content\/uploads\/2023\/02\/SophisticatedKnowlege-Schriftzug-freistehend-768x153.png 768w, https:\/\/sophisticated-knowledge.com\/wp-content\/uploads\/2023\/02\/SophisticatedKnowlege-Schriftzug-freistehend-508x101.png 508w\" sizes=\"auto, (max-width: 778px) 100vw, 778px\" \/><\/figure>\n<\/div>\n\n\n<p><\/p>\n","protected":false},"excerpt":{"rendered":"","protected":false},"author":1,"featured_media":0,"parent":0,"menu_order":0,"comment_status":"closed","ping_status":"closed","template":"","meta":{"footnotes":""},"class_list":["post-370","page","type-page","status-publish","hentry"],"_links":{"self":[{"href":"https:\/\/sophisticated-knowledge.com\/index.php?rest_route=\/wp\/v2\/pages\/370","targetHints":{"allow":["GET"]}}],"collection":[{"href":"https:\/\/sophisticated-knowledge.com\/index.php?rest_route=\/wp\/v2\/pages"}],"about":[{"href":"https:\/\/sophisticated-knowledge.com\/index.php?rest_route=\/wp\/v2\/types\/page"}],"author":[{"embeddable":true,"href":"https:\/\/sophisticated-knowledge.com\/index.php?rest_route=\/wp\/v2\/users\/1"}],"replies":[{"embeddable":true,"href":"https:\/\/sophisticated-knowledge.com\/index.php?rest_route=%2Fwp%2Fv2%2Fcomments&post=370"}],"version-history":[{"count":70,"href":"https:\/\/sophisticated-knowledge.com\/index.php?rest_route=\/wp\/v2\/pages\/370\/revisions"}],"predecessor-version":[{"id":814,"href":"https:\/\/sophisticated-knowledge.com\/index.php?rest_route=\/wp\/v2\/pages\/370\/revisions\/814"}],"wp:attachment":[{"href":"https:\/\/sophisticated-knowledge.com\/index.php?rest_route=%2Fwp%2Fv2%2Fmedia&parent=370"}],"curies":[{"name":"wp","href":"https:\/\/api.w.org\/{rel}","templated":true}]}}